{"id":204,"date":"2023-02-12T16:49:26","date_gmt":"2023-02-12T16:49:26","guid":{"rendered":"https:\/\/www.teknoaybi.com\/index.php\/newsletter\/"},"modified":"2023-02-12T16:59:17","modified_gmt":"2023-02-12T16:59:17","slug":"newsletter","status":"publish","type":"page","link":"http:\/\/www.teknoaybi.com\/index.php\/newsletter\/","title":{"rendered":"\u00dccretsiz Abone Ol"},"content":{"rendered":"<div class=\"tnp tnp-subscription\">\n<form method=\"post\" action=\"http:\/\/www.teknoaybi.com\/?na=s\">\n\n<input type=\"hidden\" name=\"nr\" value=\"page\"><input type=\"hidden\" name=\"nlang\" value=\"\"><div class=\"tnp-field tnp-field-firstname\"><label for=\"tnp-1\">\u0130lk isim veya t\u00fcm isim<\/label>\n<input class=\"tnp-name\" type=\"text\" name=\"nn\" id=\"tnp-1\" value=\"\" required><\/div>\n<div class=\"tnp-field tnp-field-email\"><label for=\"tnp-2\">Email<\/label>\n<input class=\"tnp-email\" type=\"email\" name=\"ne\" id=\"tnp-2\" value=\"\" required><\/div>\n<div class=\"tnp-field tnp-privacy-field\"><label><input type=\"checkbox\" name=\"ny\" required class=\"tnp-privacy\">&nbsp;Devam ederek gizlilik politikas\u0131n\u0131 kabul etmi\u015f olursunuz<\/label><\/div><div class=\"tnp-field tnp-field-button\"><input class=\"tnp-submit\" type=\"submit\" value=\"\u00dccretsiz Abone Ol\" >\n<\/div>\n<\/form>\n<\/div>\n\n","protected":false},"excerpt":{"rendered":"","protected":false},"author":1,"featured_media":0,"parent":0,"menu_order":0,"comment_status":"closed","ping_status":"closed","template":"","meta":[],"yoast_head":"<!-- This site is optimized with the Yoast SEO plugin v20.2.1 - https:\/\/yoast.com\/wordpress\/plugins\/seo\/ -->\n<title>\u00dccretsiz Abone Ol - Teknoaybi<\/title>\n<meta name=\"robots\" content=\"index, follow, max-snippet:-1, max-image-preview:large, max-video-preview:-1\" \/>\n<link rel=\"canonical\" href=\"http:\/\/www.teknoaybi.com\/index.php\/newsletter\/\" \/>\n<meta property=\"og:locale\" content=\"tr_TR\" \/>\n<meta property=\"og:type\" content=\"article\" \/>\n<meta property=\"og:title\" content=\"\u00dccretsiz Abone Ol - Teknoaybi\" \/>\n<meta property=\"og:url\" content=\"http:\/\/www.teknoaybi.com\/index.php\/newsletter\/\" \/>\n<meta property=\"og:site_name\" content=\"Teknoaybi\" \/>\n<meta property=\"article:modified_time\" content=\"2023-02-12T16:59:17+00:00\" \/>\n<meta name=\"twitter:card\" content=\"summary_large_image\" \/>\n<meta name=\"twitter:label1\" content=\"Tahmini okuma s\u00fcresi\" \/>\n\t<meta name=\"twitter:data1\" content=\"1 dakika\" \/>\n<script type=\"application\/ld+json\" class=\"yoast-schema-graph\">{\"@context\":\"https:\/\/schema.org\",\"@graph\":[{\"@type\":\"WebPage\",\"@id\":\"http:\/\/www.teknoaybi.com\/index.php\/newsletter\/\",\"url\":\"http:\/\/www.teknoaybi.com\/index.php\/newsletter\/\",\"name\":\"\u00dccretsiz Abone Ol - Teknoaybi\",\"isPartOf\":{\"@id\":\"https:\/\/www.teknoaybi.com\/#website\"},\"datePublished\":\"2023-02-12T16:49:26+00:00\",\"dateModified\":\"2023-02-12T16:59:17+00:00\",\"breadcrumb\":{\"@id\":\"http:\/\/www.teknoaybi.com\/index.php\/newsletter\/#breadcrumb\"},\"inLanguage\":\"tr\",\"potentialAction\":[{\"@type\":\"ReadAction\",\"target\":[\"http:\/\/www.teknoaybi.com\/index.php\/newsletter\/\"]}]},{\"@type\":\"BreadcrumbList\",\"@id\":\"http:\/\/www.teknoaybi.com\/index.php\/newsletter\/#breadcrumb\",\"itemListElement\":[{\"@type\":\"ListItem\",\"position\":1,\"name\":\"Ana sayfa\",\"item\":\"https:\/\/www.teknoaybi.com\/\"},{\"@type\":\"ListItem\",\"position\":2,\"name\":\"\u00dccretsiz Abone Ol\"}]},{\"@type\":\"WebSite\",\"@id\":\"https:\/\/www.teknoaybi.com\/#website\",\"url\":\"https:\/\/www.teknoaybi.com\/\",\"name\":\"Teknoaybi\",\"description\":\"Teknolojinin ustas\u0131 Teknoaybi\",\"publisher\":{\"@id\":\"https:\/\/www.teknoaybi.com\/#\/schema\/person\/3a7b8469e858315e082dbafac89a651a\"},\"potentialAction\":[{\"@type\":\"SearchAction\",\"target\":{\"@type\":\"EntryPoint\",\"urlTemplate\":\"https:\/\/www.teknoaybi.com\/?s={search_term_string}\"},\"query-input\":\"required name=search_term_string\"}],\"inLanguage\":\"tr\"},{\"@type\":[\"Person\",\"Organization\"],\"@id\":\"https:\/\/www.teknoaybi.com\/#\/schema\/person\/3a7b8469e858315e082dbafac89a651a\",\"name\":\"admin\",\"image\":{\"@type\":\"ImageObject\",\"inLanguage\":\"tr\",\"@id\":\"https:\/\/www.teknoaybi.com\/#\/schema\/person\/image\/\",\"url\":\"http:\/\/www.teknoaybi.com\/wp-content\/uploads\/2023\/04\/cropped-Untitled-3_page-0002-1.jpg\",\"contentUrl\":\"http:\/\/www.teknoaybi.com\/wp-content\/uploads\/2023\/04\/cropped-Untitled-3_page-0002-1.jpg\",\"width\":984,\"height\":1023,\"caption\":\"admin\"},\"logo\":{\"@id\":\"https:\/\/www.teknoaybi.com\/#\/schema\/person\/image\/\"},\"sameAs\":[\"http:\/\/www.teknoaybi.com\"]}]}<\/script>\n<!-- \/ Yoast SEO plugin. -->","yoast_head_json":{"title":"\u00dccretsiz Abone Ol - Teknoaybi","robots":{"index":"index","follow":"follow","max-snippet":"max-snippet:-1","max-image-preview":"max-image-preview:large","max-video-preview":"max-video-preview:-1"},"canonical":"http:\/\/www.teknoaybi.com\/index.php\/newsletter\/","og_locale":"tr_TR","og_type":"article","og_title":"\u00dccretsiz Abone Ol - Teknoaybi","og_url":"http:\/\/www.teknoaybi.com\/index.php\/newsletter\/","og_site_name":"Teknoaybi","article_modified_time":"2023-02-12T16:59:17+00:00","twitter_card":"summary_large_image","twitter_misc":{"Tahmini okuma s\u00fcresi":"1 dakika"},"schema":{"@context":"https:\/\/schema.org","@graph":[{"@type":"WebPage","@id":"http:\/\/www.teknoaybi.com\/index.php\/newsletter\/","url":"http:\/\/www.teknoaybi.com\/index.php\/newsletter\/","name":"\u00dccretsiz Abone Ol - Teknoaybi","isPartOf":{"@id":"https:\/\/www.teknoaybi.com\/#website"},"datePublished":"2023-02-12T16:49:26+00:00","dateModified":"2023-02-12T16:59:17+00:00","breadcrumb":{"@id":"http:\/\/www.teknoaybi.com\/index.php\/newsletter\/#breadcrumb"},"inLanguage":"tr","potentialAction":[{"@type":"ReadAction","target":["http:\/\/www.teknoaybi.com\/index.php\/newsletter\/"]}]},{"@type":"BreadcrumbList","@id":"http:\/\/www.teknoaybi.com\/index.php\/newsletter\/#breadcrumb","itemListElement":[{"@type":"ListItem","position":1,"name":"Ana sayfa","item":"https:\/\/www.teknoaybi.com\/"},{"@type":"ListItem","position":2,"name":"\u00dccretsiz Abone Ol"}]},{"@type":"WebSite","@id":"https:\/\/www.teknoaybi.com\/#website","url":"https:\/\/www.teknoaybi.com\/","name":"Teknoaybi","description":"Teknolojinin ustas\u0131 Teknoaybi","publisher":{"@id":"https:\/\/www.teknoaybi.com\/#\/schema\/person\/3a7b8469e858315e082dbafac89a651a"},"potentialAction":[{"@type":"SearchAction","target":{"@type":"EntryPoint","urlTemplate":"https:\/\/www.teknoaybi.com\/?s={search_term_string}"},"query-input":"required name=search_term_string"}],"inLanguage":"tr"},{"@type":["Person","Organization"],"@id":"https:\/\/www.teknoaybi.com\/#\/schema\/person\/3a7b8469e858315e082dbafac89a651a","name":"admin","image":{"@type":"ImageObject","inLanguage":"tr","@id":"https:\/\/www.teknoaybi.com\/#\/schema\/person\/image\/","url":"http:\/\/www.teknoaybi.com\/wp-content\/uploads\/2023\/04\/cropped-Untitled-3_page-0002-1.jpg","contentUrl":"http:\/\/www.teknoaybi.com\/wp-content\/uploads\/2023\/04\/cropped-Untitled-3_page-0002-1.jpg","width":984,"height":1023,"caption":"admin"},"logo":{"@id":"https:\/\/www.teknoaybi.com\/#\/schema\/person\/image\/"},"sameAs":["http:\/\/www.teknoaybi.com"]}]}},"_links":{"self":[{"href":"http:\/\/www.teknoaybi.com\/index.php\/wp-json\/wp\/v2\/pages\/204"}],"collection":[{"href":"http:\/\/www.teknoaybi.com\/index.php\/wp-json\/wp\/v2\/pages"}],"about":[{"href":"http:\/\/www.teknoaybi.com\/index.php\/wp-json\/wp\/v2\/types\/page"}],"author":[{"embeddable":true,"href":"http:\/\/www.teknoaybi.com\/index.php\/wp-json\/wp\/v2\/users\/1"}],"replies":[{"embeddable":true,"href":"http:\/\/www.teknoaybi.com\/index.php\/wp-json\/wp\/v2\/comments?post=204"}],"version-history":[{"count":2,"href":"http:\/\/www.teknoaybi.com\/index.php\/wp-json\/wp\/v2\/pages\/204\/revisions"}],"predecessor-version":[{"id":208,"href":"http:\/\/www.teknoaybi.com\/index.php\/wp-json\/wp\/v2\/pages\/204\/revisions\/208"}],"wp:attachment":[{"href":"http:\/\/www.teknoaybi.com\/index.php\/wp-json\/wp\/v2\/media?parent=204"}],"curies":[{"name":"wp","href":"https:\/\/api.w.org\/{rel}","templated":true}]}}