{"id":39,"date":"2020-08-28T18:34:36","date_gmt":"2020-08-28T18:34:36","guid":{"rendered":"http:\/\/www.teknoaybi.com\/?page_id=39"},"modified":"2022-02-19T19:04:52","modified_gmt":"2022-02-19T19:04:52","slug":"hakkimda","status":"publish","type":"page","link":"http:\/\/www.teknoaybi.com\/index.php\/hakkimda\/","title":{"rendered":"Hakk\u0131mda"},"content":{"rendered":"\n<p>Ben Aybars. Program yaz\u0131yorum, laz\u0131m oldu\u011funda bilgisayara telefona format at\u0131yorum. Bu teknoloji merak\u0131ma \u00e7ok k\u00fc\u00e7\u00fckken ba\u015flad\u0131m. \u015eimdi de devam ediyorum ve daha profesyonel \u00e7al\u0131\u015f\u0131yorum<\/p>\n","protected":false},"excerpt":{"rendered":"<p>Ben Aybars. Program yaz\u0131yorum, laz\u0131m oldu\u011funda bilgisayara telefona format at\u0131yorum. Bu teknoloji merak\u0131ma \u00e7ok k\u00fc\u00e7\u00fckken ba\u015flad\u0131m. \u015eimdi de devam ediyorum ve daha profesyonel \u00e7al\u0131\u015f\u0131yorum<\/p>\n","protected":false},"author":1,"featured_media":0,"parent":0,"menu_order":0,"comment_status":"closed","ping_status":"closed","template":"","meta":[],"yoast_head":"<!-- This site is optimized with the Yoast SEO plugin v20.2.1 - https:\/\/yoast.com\/wordpress\/plugins\/seo\/ -->\n<title>Hakk\u0131mda - Teknoaybi<\/title>\n<meta name=\"robots\" content=\"index, follow, max-snippet:-1, max-image-preview:large, max-video-preview:-1\" \/>\n<link rel=\"canonical\" href=\"http:\/\/www.teknoaybi.com\/index.php\/hakkimda\/\" \/>\n<meta property=\"og:locale\" content=\"tr_TR\" \/>\n<meta property=\"og:type\" content=\"article\" \/>\n<meta property=\"og:title\" content=\"Hakk\u0131mda - Teknoaybi\" \/>\n<meta property=\"og:description\" content=\"Ben Aybars. Program yaz\u0131yorum, laz\u0131m oldu\u011funda bilgisayara telefona format at\u0131yorum. Bu teknoloji merak\u0131ma \u00e7ok k\u00fc\u00e7\u00fckken ba\u015flad\u0131m. \u015eimdi de devam ediyorum ve daha profesyonel \u00e7al\u0131\u015f\u0131yorum\" \/>\n<meta property=\"og:url\" content=\"http:\/\/www.teknoaybi.com\/index.php\/hakkimda\/\" \/>\n<meta property=\"og:site_name\" content=\"Teknoaybi\" \/>\n<meta property=\"article:modified_time\" content=\"2022-02-19T19:04:52+00:00\" \/>\n<meta name=\"twitter:card\" content=\"summary_large_image\" \/>\n<meta name=\"twitter:label1\" content=\"Tahmini okuma s\u00fcresi\" \/>\n\t<meta name=\"twitter:data1\" content=\"1 dakika\" \/>\n<script type=\"application\/ld+json\" class=\"yoast-schema-graph\">{\"@context\":\"https:\/\/schema.org\",\"@graph\":[{\"@type\":\"WebPage\",\"@id\":\"http:\/\/www.teknoaybi.com\/index.php\/hakkimda\/\",\"url\":\"http:\/\/www.teknoaybi.com\/index.php\/hakkimda\/\",\"name\":\"Hakk\u0131mda - Teknoaybi\",\"isPartOf\":{\"@id\":\"https:\/\/www.teknoaybi.com\/#website\"},\"datePublished\":\"2020-08-28T18:34:36+00:00\",\"dateModified\":\"2022-02-19T19:04:52+00:00\",\"breadcrumb\":{\"@id\":\"http:\/\/www.teknoaybi.com\/index.php\/hakkimda\/#breadcrumb\"},\"inLanguage\":\"tr\",\"potentialAction\":[{\"@type\":\"ReadAction\",\"target\":[\"http:\/\/www.teknoaybi.com\/index.php\/hakkimda\/\"]}]},{\"@type\":\"BreadcrumbList\",\"@id\":\"http:\/\/www.teknoaybi.com\/index.php\/hakkimda\/#breadcrumb\",\"itemListElement\":[{\"@type\":\"ListItem\",\"position\":1,\"name\":\"Ana sayfa\",\"item\":\"https:\/\/www.teknoaybi.com\/\"},{\"@type\":\"ListItem\",\"position\":2,\"name\":\"Hakk\u0131mda\"}]},{\"@type\":\"WebSite\",\"@id\":\"https:\/\/www.teknoaybi.com\/#website\",\"url\":\"https:\/\/www.teknoaybi.com\/\",\"name\":\"Teknoaybi\",\"description\":\"Teknolojinin ustas\u0131 Teknoaybi\",\"publisher\":{\"@id\":\"https:\/\/www.teknoaybi.com\/#\/schema\/person\/3a7b8469e858315e082dbafac89a651a\"},\"potentialAction\":[{\"@type\":\"SearchAction\",\"target\":{\"@type\":\"EntryPoint\",\"urlTemplate\":\"https:\/\/www.teknoaybi.com\/?s={search_term_string}\"},\"query-input\":\"required name=search_term_string\"}],\"inLanguage\":\"tr\"},{\"@type\":[\"Person\",\"Organization\"],\"@id\":\"https:\/\/www.teknoaybi.com\/#\/schema\/person\/3a7b8469e858315e082dbafac89a651a\",\"name\":\"admin\",\"image\":{\"@type\":\"ImageObject\",\"inLanguage\":\"tr\",\"@id\":\"https:\/\/www.teknoaybi.com\/#\/schema\/person\/image\/\",\"url\":\"http:\/\/www.teknoaybi.com\/wp-content\/uploads\/2023\/04\/cropped-Untitled-3_page-0002-1.jpg\",\"contentUrl\":\"http:\/\/www.teknoaybi.com\/wp-content\/uploads\/2023\/04\/cropped-Untitled-3_page-0002-1.jpg\",\"width\":984,\"height\":1023,\"caption\":\"admin\"},\"logo\":{\"@id\":\"https:\/\/www.teknoaybi.com\/#\/schema\/person\/image\/\"},\"sameAs\":[\"http:\/\/www.teknoaybi.com\"]}]}<\/script>\n<!-- \/ Yoast SEO plugin. -->","yoast_head_json":{"title":"Hakk\u0131mda - Teknoaybi","robots":{"index":"index","follow":"follow","max-snippet":"max-snippet:-1","max-image-preview":"max-image-preview:large","max-video-preview":"max-video-preview:-1"},"canonical":"http:\/\/www.teknoaybi.com\/index.php\/hakkimda\/","og_locale":"tr_TR","og_type":"article","og_title":"Hakk\u0131mda - Teknoaybi","og_description":"Ben Aybars. Program yaz\u0131yorum, laz\u0131m oldu\u011funda bilgisayara telefona format at\u0131yorum. Bu teknoloji merak\u0131ma \u00e7ok k\u00fc\u00e7\u00fckken ba\u015flad\u0131m. \u015eimdi de devam ediyorum ve daha profesyonel \u00e7al\u0131\u015f\u0131yorum","og_url":"http:\/\/www.teknoaybi.com\/index.php\/hakkimda\/","og_site_name":"Teknoaybi","article_modified_time":"2022-02-19T19:04:52+00:00","twitter_card":"summary_large_image","twitter_misc":{"Tahmini okuma s\u00fcresi":"1 dakika"},"schema":{"@context":"https:\/\/schema.org","@graph":[{"@type":"WebPage","@id":"http:\/\/www.teknoaybi.com\/index.php\/hakkimda\/","url":"http:\/\/www.teknoaybi.com\/index.php\/hakkimda\/","name":"Hakk\u0131mda - Teknoaybi","isPartOf":{"@id":"https:\/\/www.teknoaybi.com\/#website"},"datePublished":"2020-08-28T18:34:36+00:00","dateModified":"2022-02-19T19:04:52+00:00","breadcrumb":{"@id":"http:\/\/www.teknoaybi.com\/index.php\/hakkimda\/#breadcrumb"},"inLanguage":"tr","potentialAction":[{"@type":"ReadAction","target":["http:\/\/www.teknoaybi.com\/index.php\/hakkimda\/"]}]},{"@type":"BreadcrumbList","@id":"http:\/\/www.teknoaybi.com\/index.php\/hakkimda\/#breadcrumb","itemListElement":[{"@type":"ListItem","position":1,"name":"Ana sayfa","item":"https:\/\/www.teknoaybi.com\/"},{"@type":"ListItem","position":2,"name":"Hakk\u0131mda"}]},{"@type":"WebSite","@id":"https:\/\/www.teknoaybi.com\/#website","url":"https:\/\/www.teknoaybi.com\/","name":"Teknoaybi","description":"Teknolojinin ustas\u0131 Teknoaybi","publisher":{"@id":"https:\/\/www.teknoaybi.com\/#\/schema\/person\/3a7b8469e858315e082dbafac89a651a"},"potentialAction":[{"@type":"SearchAction","target":{"@type":"EntryPoint","urlTemplate":"https:\/\/www.teknoaybi.com\/?s={search_term_string}"},"query-input":"required name=search_term_string"}],"inLanguage":"tr"},{"@type":["Person","Organization"],"@id":"https:\/\/www.teknoaybi.com\/#\/schema\/person\/3a7b8469e858315e082dbafac89a651a","name":"admin","image":{"@type":"ImageObject","inLanguage":"tr","@id":"https:\/\/www.teknoaybi.com\/#\/schema\/person\/image\/","url":"http:\/\/www.teknoaybi.com\/wp-content\/uploads\/2023\/04\/cropped-Untitled-3_page-0002-1.jpg","contentUrl":"http:\/\/www.teknoaybi.com\/wp-content\/uploads\/2023\/04\/cropped-Untitled-3_page-0002-1.jpg","width":984,"height":1023,"caption":"admin"},"logo":{"@id":"https:\/\/www.teknoaybi.com\/#\/schema\/person\/image\/"},"sameAs":["http:\/\/www.teknoaybi.com"]}]}},"_links":{"self":[{"href":"http:\/\/www.teknoaybi.com\/index.php\/wp-json\/wp\/v2\/pages\/39"}],"collection":[{"href":"http:\/\/www.teknoaybi.com\/index.php\/wp-json\/wp\/v2\/pages"}],"about":[{"href":"http:\/\/www.teknoaybi.com\/index.php\/wp-json\/wp\/v2\/types\/page"}],"author":[{"embeddable":true,"href":"http:\/\/www.teknoaybi.com\/index.php\/wp-json\/wp\/v2\/users\/1"}],"replies":[{"embeddable":true,"href":"http:\/\/www.teknoaybi.com\/index.php\/wp-json\/wp\/v2\/comments?post=39"}],"version-history":[{"count":4,"href":"http:\/\/www.teknoaybi.com\/index.php\/wp-json\/wp\/v2\/pages\/39\/revisions"}],"predecessor-version":[{"id":140,"href":"http:\/\/www.teknoaybi.com\/index.php\/wp-json\/wp\/v2\/pages\/39\/revisions\/140"}],"wp:attachment":[{"href":"http:\/\/www.teknoaybi.com\/index.php\/wp-json\/wp\/v2\/media?parent=39"}],"curies":[{"name":"wp","href":"https:\/\/api.w.org\/{rel}","templated":true}]}}